{"id":102,"date":"2017-09-13T03:54:08","date_gmt":"2017-09-13T03:54:08","guid":{"rendered":"http:\/\/demo.archiwp.com\/fresh-version\/?page_id=102"},"modified":"2026-03-03T09:21:57","modified_gmt":"2026-03-03T08:21:57","slug":"contact","status":"publish","type":"page","link":"https:\/\/pohronskemuzeum.sk\/?page_id=102","title":{"rendered":"Kontakt"},"content":{"rendered":"<p>[vc_row][vc_column][vc_column_text]<\/p>\n<h2 style=\"text-align: center;\">KONTAKT<\/h2>\n<p>[\/vc_column_text][\/vc_column][\/vc_row][vc_row][vc_column css_animation=&#8220;fadeInUp&#8220;][vc_row_inner][vc_column_inner width=&#8220;1\/3&#8243;][vc_column_text css_animation=&#8220;none&#8220;]<strong>Adresa: <span class=\"tucne\"> Pohronsk\u00e9 m\u00fazeum<\/span><\/strong><br \/>\n<strong>Bernol\u00e1kova 20\/2<\/strong><br \/>\n<strong>968 01 Nov\u00e1 Ba\u0148a<\/strong><\/p>\n<p><strong>Telef\u00f3n: 045\/ 685 51 78, 045\/ 685 78 34,\u00a0\u00a0\u00a0\u00a0\u00a0\u00a0 <\/strong><strong>0911 780 880<\/strong><br \/>\n<strong>Fax: 045\/ 685 71 78<\/strong><\/p>\n<p><strong>Letn\u00e1 turistick\u00e1 sez\u00f3na \/j\u00fan \u2013 september\/<br \/>\n<\/strong>Pondelok \u2013 Piatok, Nede\u013ea 10,00 \u2013 18,00 (posledn\u00fd vstup o 17,00)<br \/>\nSobota \u2013 zatvoren\u00e9<\/p>\n<p><strong>Zimn\u00e1 turistick\u00e1 sez\u00f3na \/okt\u00f3ber \u2013 m\u00e1j\/<\/strong><br \/>\nPondelok \u2013 Piatok 9,00 \u2013 17,00 (posledn\u00fd vstup o 16,00)<br \/>\nSobota \u2013 zatvoren\u00e9, Nede\u013ea 9,00 \u2013 17,00<\/p>\n<h5><strong>Vstupy po\u010das letnej a zimnej turistickej sez\u00f3ny v\u00a0<span style=\"color: #ff0000;\">NEDE\u013dU<\/span>\u00a0ka\u017ed\u00fa cel\u00fa hodinu.<\/strong><\/h5>\n<p>[\/vc_column_text][\/vc_column_inner][vc_column_inner width=&#8220;2\/3&#8243;][vc_raw_html]JTNDcCUzRSUzQ2lmcmFtZSUyMHNyYyUzRCUyMmh0dHBzJTNBJTJGJTJGd3d3Lmdvb2dsZS5jb20lMkZtYXBzJTJGZW1iZWQlM0ZwYiUzRCUyMTFtMTglMjExbTEyJTIxMW0zJTIxMWQxNjIwLjQ3NTI2NjEyOTYwNDclMjEyZDE4LjY0MDg2MDM0OTg0MTM1OCUyMTNkNDguNDIzNTM1NzUyMTcyNTMlMjEybTMlMjExZjAlMjEyZjAlMjEzZjAlMjEzbTIlMjExaTEwMjQlMjEyaTc2OCUyMTRmMTMuMSUyMTNtMyUyMTFtMiUyMTFzMHg0NzZhZDQzMzQ2NTgzM2M3JTI1M0EweGQwYzhmNDRkNmFkNTU4MGQlMjEyelVHOW9jbTl1YzJ2RHFTQnR3N3A2WlhWdElFNXZkc09oSUVKaHhZaGglMjE1ZTAlMjEzbTIlMjExc3NrJTIxMnNzayUyMTR2MTY2MzQyMjczNzg1MCUyMTVtMiUyMTFzc2slMjEyc3NrJTIyJTIwc3R5bGUlM0QlMjJib3JkZXIlM0EwJTNCJTIyJTIwYWxsb3dmdWxsc2NyZWVuJTNEJTIyJTIyJTIwbG9hZGluZyUzRCUyMmxhenklMjIlMjByZWZlcnJlcnBvbGljeSUzRCUyMm5vLXJlZmVycmVyLXdoZW4tZG93bmdyYWRlJTIyJTIwd2lkdGglM0QlMjI2MDAlMjIlMjBoZWlnaHQlM0QlMjI0NTAlMjIlM0UlM0MlMkZpZnJhbWUlM0UlM0MlMkZwJTNF[\/vc_raw_html][\/vc_column_inner][\/vc_row_inner][vc_row_inner][vc_column_inner][vc_text_separator title=&#8220;PERSON\u00c1LNE OBSADENIE&#8220;][\/vc_column_inner][\/vc_row_inner][vc_row_inner][vc_column_inner width=&#8220;1\/3&#8243;][vc_column_text]<strong>Mgr. Jana Potock\u00e1<\/strong><br \/>\nriadite\u013eka m\u00fazea<br \/>\nv\u00fdstavy, kult\u00farne podujatia, propag\u00e1cia, reklama<\/p>\n<p>Tel\/fax: +421 45 685 51 78<br \/>\nMobil: 0911 780 880<\/p>\n<p><a href=\"mailto:riaditel@pohronskemuzeum.sk\">riaditel@pohronskemuzeum.sk<\/a><\/p>\n<p><a href=\"mailto:manazerkultury@pohronskemuzeum.sk\">manazerkultury@pohronskemuzeum.sk<\/a>[\/vc_column_text][\/vc_column_inner][vc_column_inner width=&#8220;1\/3&#8243;][vc_column_text]<strong><span class=\"tucne\">Mgr. Bc. Katar\u00edna Stred\u00e1kov\u00e1<\/span><\/strong><br \/>\nvedenie odborn\u00e9ho \u00faseku,<br \/>\nkur\u00e1tor, hist\u00f3ria, m\u00fazejn\u00edctvo, dokument\u00e1cia<\/p>\n<p>Tel\/fax: +421 45 685 51 78<br \/>\nMobil: 0911 780 880<\/p>\n<p><a href=\"kurator@pohronskemuzeum.sk\">kurator@pohronskemuzeum.sk<\/a>[\/vc_column_text][\/vc_column_inner][vc_column_inner width=&#8220;1\/3&#8243;][vc_column_text]<strong>Mgr. Hana Zduchov\u00e1<\/strong><br \/>\nkur\u00e1tor, hist\u00f3ria, m\u00fazejn\u00edctvo, dokument\u00e1cia<\/p>\n<p>Tel\/fax: +421 45 685 51 78<br \/>\nMobil: 0911 780 880<\/p>\n<p><a href=\"historik@pohronskemuzeum.sk\">historik@pohronskemuzeum.sk<\/a>[\/vc_column_text][\/vc_column_inner][\/vc_row_inner][vc_row_inner][vc_column_inner width=&#8220;1\/3&#8243;][vc_column_text]<strong><span class=\"tucne\">Ing. Ant\u00f3nia Garajov\u00e1<\/span><\/strong><br \/>\nved\u00faca hospod\u00e1rsko-spr\u00e1vneho \u00faseku<br \/>\nekonomika, mzdy, personalistika, majetok<\/p>\n<p>Tel\/fax: +421 45 685 51 78<br \/>\nMobil: 0947 903 027<\/p>\n<p><a href=\"mailto:ekonom@pohronskemuzeum.sk\">ekonom@pohronskemuzeum.sk<\/a>[\/vc_column_text][\/vc_column_inner][vc_column_inner width=&#8220;1\/3&#8243;][vc_column_text]<strong>Mgr. art. Erika Benick\u00e1<\/strong><\/p>\n<p>ochrana zbierkov\u00e9ho fondu,<br \/>\nkonzerv\u00e1tor<\/p>\n<p>Tel\/fax: +421 45 685 51 78<br \/>\nMobil: 0911 780 880<\/p>\n<p><a href=\"mailto:konzervator@pohronskemuzeum.sk\"> konzervator@pohronskemuzeum.sk<\/a>[\/vc_column_text][\/vc_column_inner][vc_column_inner width=&#8220;1\/3&#8243;][vc_column_text]<strong>Mgr. Rudolf N\u00e1daskay<\/strong><br \/>\nkur\u00e1tor, archeol\u00f3gia, pr\u00e1ca s verejnos\u0165ou<\/p>\n<p>Tel\/fax +421 45 6855178<br \/>\nMobil: 0911 780 880<\/p>\n<p><a href=\"mailto:archeolog@pohronskemuzeum.sk\">archeolog@pohronskemuzeum.sk<\/a>[\/vc_column_text][\/vc_column_inner][\/vc_row_inner][vc_row_inner][vc_column_inner width=&#8220;1\/3&#8243;][vc_column_text]<strong><span class=\"tucne\">Mgr. Al\u017ebeta Kr\u00e1\u013eov\u00e1<\/span><\/strong><br \/>\nkni\u017eni\u010dn\u00e9 a konzulta\u010dn\u00e9 slu\u017eby pre \u0161tudentov, b\u00e1date\u013eov a verejnos\u0165<\/p>\n<p>Tel\/fax: +421 45 685 51 78<br \/>\nMobil: 0911 780 880<\/p>\n<p><a href=\"mailto:kniznica@pohronskemuzeum.sk\">kniznica@pohronskemuzeum.sk<\/a>[\/vc_column_text][\/vc_column_inner][vc_column_inner width=&#8220;1\/3&#8243;][vc_column_text]<strong>Anna Kamody Budov\u00e1\u00a0 \u00a0 \u00a0 \u00a0 \u00a0 \u00a0 \u00a0 \u00a0 <\/strong><\/p>\n<p>lektorovanie, spr\u00e1va registrat\u00fary, poklad\u0148a<\/p>\n<p>Tel\/fax: +421 45 685 51 78<br \/>\nMobil: 0911 780 880<\/p>\n<p><a href=\"mailto:lektor@pohronskemuzeum.sk\">lektor@pohronskemuzeum.sk<\/a>[\/vc_column_text][\/vc_column_inner][vc_column_inner width=&#8220;1\/3&#8243;][vc_column_text]<strong><span class=\"tucne\">Andrej Forg\u00e1\u010d<\/span><\/strong><br \/>\nspr\u00e1va depozit\u00e1ra, vodi\u010d, \u00fadr\u017eb\u00e1r<\/p>\n<p>Tel\/fax: +421 45 685 51 78<br \/>\nMobil: 0911 780 880<\/p>\n<p><a href=\"mailto:spravca@pohronskemuzeum.sk\" target=\"_blank\" rel=\"noopener\">spravca@pohronskemuzeum.sk<\/a>[\/vc_column_text][\/vc_column_inner][\/vc_row_inner][\/vc_column][\/vc_row][vc_row][vc_column width=&#8220;1\/3&#8243;][vc_column_text]prev\u00e1dzkov\u00e1 pracovn\u00ed\u010dka, upratovanie<br \/>\nTel\/fax: +421 45 685 51 78[\/vc_column_text][\/vc_column][vc_column width=&#8220;1\/3&#8243;][\/vc_column][vc_column width=&#8220;1\/3&#8243;][\/vc_column][\/vc_row]<\/p>\n","protected":false},"excerpt":{"rendered":"<p>[vc_row][vc_column][vc_column_text] KONTAKT [\/vc_column_text][\/vc_column][\/vc_row][vc_row][vc_column css_animation=&#8220;fadeInUp&#8220;][vc_row_inner][vc_column_inner width=&#8220;1\/3&#8243;][vc_column_text css_animation=&#8220;none&#8220;]Adresa: Pohronsk\u00e9 m\u00fazeum Bernol\u00e1kova 20\/2 968 01 Nov\u00e1 Ba\u0148a Telef\u00f3n: 045\/ 685 51 78, 045\/ 685 78 34,\u00a0\u00a0\u00a0\u00a0\u00a0\u00a0 0911 780 880 Fax: 045\/ 685 71 78 Letn\u00e1 turistick\u00e1 sez\u00f3na \/j\u00fan \u2013 september\/ Pondelok \u2013 Piatok, Nede\u013ea 10,00 \u2013 18,00 (posledn\u00fd vstup o 17,00) Sobota \u2013 zatvoren\u00e9 Zimn\u00e1 turistick\u00e1 sez\u00f3na \/okt\u00f3ber [&hellip;]<\/p>\n","protected":false},"author":1,"featured_media":0,"parent":0,"menu_order":0,"comment_status":"closed","ping_status":"closed","template":"","meta":[],"_links":{"self":[{"href":"https:\/\/pohronskemuzeum.sk\/index.php?rest_route=\/wp\/v2\/pages\/102"}],"collection":[{"href":"https:\/\/pohronskemuzeum.sk\/index.php?rest_route=\/wp\/v2\/pages"}],"about":[{"href":"https:\/\/pohronskemuzeum.sk\/index.php?rest_route=\/wp\/v2\/types\/page"}],"author":[{"embeddable":true,"href":"https:\/\/pohronskemuzeum.sk\/index.php?rest_route=\/wp\/v2\/users\/1"}],"replies":[{"embeddable":true,"href":"https:\/\/pohronskemuzeum.sk\/index.php?rest_route=%2Fwp%2Fv2%2Fcomments&post=102"}],"version-history":[{"count":7,"href":"https:\/\/pohronskemuzeum.sk\/index.php?rest_route=\/wp\/v2\/pages\/102\/revisions"}],"predecessor-version":[{"id":3035,"href":"https:\/\/pohronskemuzeum.sk\/index.php?rest_route=\/wp\/v2\/pages\/102\/revisions\/3035"}],"wp:attachment":[{"href":"https:\/\/pohronskemuzeum.sk\/index.php?rest_route=%2Fwp%2Fv2%2Fmedia&parent=102"}],"curies":[{"name":"wp","href":"https:\/\/api.w.org\/{rel}","templated":true}]}}