{"id":6,"date":"2017-08-29T06:55:00","date_gmt":"2017-08-29T04:55:00","guid":{"rendered":"http:\/\/demo.archiwp.com\/fresh-version\/?page_id=6"},"modified":"2026-04-14T14:07:26","modified_gmt":"2026-04-14T12:07:26","slug":"home","status":"publish","type":"page","link":"https:\/\/pohronskemuzeum.sk\/","title":{"rendered":""},"content":{"rendered":"<p>[vc_row fullwidth=&#8220;yes&#8220; css=&#8220;.vc_custom_1665134345128{padding-top: 12px !important;}&#8220; el_class=&#8220;.foto&#8220;][vc_column offset=&#8220;vc_hidden-sm vc_hidden-xs&#8220;][vc_single_image image=&#8220;1542&#8243; img_size=&#8220;FULL&#8220;][vc_row_inner][vc_column_inner][\/vc_column_inner][\/vc_row_inner][vc_column_text]<\/p>\n<h1 style=\"text-align: center;\"><span style=\"color: #ff9900;\"><strong><a style=\"color: #ff9900;\" href=\"http:\/\/pohronskemuzeum.sk\/wp-content\/uploads\/2023\/01\/zvysenie-udrzatelnosti.pdf\">Zv\u00fd\u0161enie kvality poskytovan\u00fdch slu\u017eieb v jedinej vulkanologickej expoz\u00edcii na Slovensku<\/a><\/strong><\/span><\/h1>\n<h1 style=\"text-align: center;\"><\/h1>\n<p>[\/vc_column_text][\/vc_column][\/vc_row][vc_row fullwidth=&#8220;yes&#8220; css=&#8220;.vc_custom_1665135278358{padding-top: 12px !important;}&#8220; el_class=&#8220;.fotomobile&#8220;][vc_column offset=&#8220;vc_hidden-lg vc_hidden-md&#8220;][vc_single_image image=&#8220;1436&#8243; img_size=&#8220;large&#8220;][vc_btn title=&#8220;Otv\u00e1racie hodiny&#8220; size=&#8220;lg&#8220; align=&#8220;center&#8220; css_animation=&#8220;fadeInUp&#8220; link=&#8220;url:%23otvaraciehodiny&#8220;][\/vc_column][\/vc_row][vc_row fullwidth=&#8220;yes&#8220; css=&#8220;.vc_custom_1663577508890{padding-top: 12px !important;}&#8220;][vc_column offset=&#8220;vc_hidden-sm vc_hidden-xs&#8220;][vc_column_text css_animation=&#8220;fadeInUp&#8220;]<\/p>\n<h2 style=\"text-align: center;\">PARTNERI<\/h2>\n<p>[\/vc_column_text][\/vc_column][\/vc_row][vc_row css_animation=&#8220;fadeInUp&#8220; css=&#8220;.vc_custom_1663832581505{background-position: center !important;background-repeat: no-repeat !important;background-size: cover !important;}&#8220;][vc_column width=&#8220;1\/3&#8243; offset=&#8220;vc_hidden-sm vc_hidden-xs&#8220;][vc_single_image image=&#8220;882&#8243; alignment=&#8220;center&#8220; onclick=&#8220;custom_link&#8220; img_link_target=&#8220;_blank&#8220; link=&#8220;https:\/\/ssmuzeum.sk\/&#8220;][\/vc_column][vc_column width=&#8220;1\/3&#8243; offset=&#8220;vc_hidden-sm vc_hidden-xs&#8220;][vc_single_image image=&#8220;879&#8243; alignment=&#8220;center&#8220; onclick=&#8220;custom_link&#8220; img_link_target=&#8220;_blank&#8220; link=&#8220;https:\/\/horehronskemuzeum.sk\/&#8220;][\/vc_column][vc_column width=&#8220;1\/3&#8243; offset=&#8220;vc_hidden-sm vc_hidden-xs&#8220;][vc_single_image image=&#8220;878&#8243; img_size=&#8220;FULL 300X300&#8243; alignment=&#8220;center&#8220; onclick=&#8220;custom_link&#8220; img_link_target=&#8220;_blank&#8220; link=&#8220;https:\/\/gmmuzeum.sk\/&#8220;][\/vc_column][\/vc_row][vc_row css_animation=&#8220;fadeInUp&#8220; css=&#8220;.vc_custom_1663832581505{background-position: center !important;background-repeat: no-repeat !important;background-size: cover !important;}&#8220;][vc_column width=&#8220;1\/3&#8243; offset=&#8220;vc_hidden-sm vc_hidden-xs&#8220;][vc_single_image image=&#8220;880&#8243; img_size=&#8220;full 200&#215;200&#8243; alignment=&#8220;center&#8220; onclick=&#8220;custom_link&#8220; img_link_target=&#8220;_blank&#8220; link=&#8220;https:\/\/nmg.sk\/&#8220;][\/vc_column][vc_column width=&#8220;1\/3&#8243; offset=&#8220;vc_hidden-sm vc_hidden-xs&#8220;][vc_single_image image=&#8220;3097&#8243; img_size=&#8220;full 150&#215;150&#8243; alignment=&#8220;center&#8220; onclick=&#8220;custom_link&#8220; img_link_target=&#8220;_blank&#8220; link=&#8220;https:\/\/www.ssgbb.sk\/&#8220;][\/vc_column][vc_column width=&#8220;1\/3&#8243; offset=&#8220;vc_hidden-sm vc_hidden-xs&#8220;][vc_single_image image=&#8220;1195&#8243; alignment=&#8220;center&#8220; onclick=&#8220;custom_link&#8220; img_link_target=&#8220;_blank&#8220; link=&#8220;https:\/\/www.fpu.sk\/sk\/&#8220; css=&#8220;.vc_custom_1773750683697{border-radius: 35px !important;}&#8220;][\/vc_column][\/vc_row][vc_row css_animation=&#8220;fadeInUp&#8220; css=&#8220;.vc_custom_1663832581505{background-position: center !important;background-repeat: no-repeat !important;background-size: cover !important;}&#8220;][vc_column width=&#8220;1\/3&#8243; offset=&#8220;vc_hidden-sm vc_hidden-xs&#8220;][vc_single_image image=&#8220;1963&#8243; img_size=&#8220;FULL 200&#215;200&#8243; alignment=&#8220;center&#8220; onclick=&#8220;custom_link&#8220; img_link_target=&#8220;_blank&#8220; link=&#8220;http:\/\/www.praveslovenske.sk\/&#8220;][\/vc_column][vc_column width=&#8220;1\/3&#8243; offset=&#8220;vc_hidden-sm vc_hidden-xs&#8220;][vc_single_image image=&#8220;1914&#8243; img_size=&#8220;FULL 300&#215;300&#8243; alignment=&#8220;center&#8220; onclick=&#8220;custom_link&#8220; link=&#8220;http:\/\/pohronskemuzeum.sk\/wp-content\/uploads\/2023\/03\/Do-Regionalnych-DEJ-OV-obce-Brehy-plagat-2.pdf&#8220;][\/vc_column][vc_column width=&#8220;1\/3&#8243; offset=&#8220;vc_hidden-sm vc_hidden-xs&#8220;][vc_single_image image=&#8220;3078&#8243; img_size=&#8220;FULL 150&#215;150&#8243; alignment=&#8220;center&#8220; onclick=&#8220;custom_link&#8220; img_link_target=&#8220;_blank&#8220; link=&#8220;https:\/\/www.zssk.sk\/&#8220;][\/vc_column][\/vc_row][vc_row css_animation=&#8220;fadeInUp&#8220; css=&#8220;.vc_custom_1663832581505{background-position: center !important;background-repeat: no-repeat !important;background-size: cover !important;}&#8220;][vc_column width=&#8220;1\/3&#8243; offset=&#8220;vc_hidden-sm vc_hidden-xs&#8220;][vc_single_image image=&#8220;3082&#8243; img_size=&#8220;FULL&#8220; alignment=&#8220;center&#8220; onclick=&#8220;custom_link&#8220; link=&#8220;https:\/\/www.nt.sk\/sk&#8220;][\/vc_column][vc_column width=&#8220;1\/3&#8243; offset=&#8220;vc_hidden-sm vc_hidden-xs&#8220;][vc_single_image image=&#8220;2091&#8243; img_size=&#8220;FULL&#8220; alignment=&#8220;center&#8220; onclick=&#8220;custom_link&#8220; link=&#8220;http:\/\/www.mistro.sk\/&#8220;][\/vc_column][vc_column width=&#8220;1\/3&#8243; offset=&#8220;vc_hidden-sm vc_hidden-xs&#8220;][vc_single_image image=&#8220;3084&#8243; img_size=&#8220;FULL&#8220; alignment=&#8220;center&#8220; onclick=&#8220;custom_link&#8220; link=&#8220;http:\/\/www.zusnovabana.edupage.org\/&#8220;][\/vc_column][\/vc_row][vc_row fullwidth=&#8220;yes&#8220; css=&#8220;.vc_custom_1663577508890{padding-top: 12px !important;}&#8220;][vc_column width=&#8220;1\/3&#8243; offset=&#8220;vc_hidden-sm vc_hidden-xs&#8220;][\/vc_column][vc_column width=&#8220;1\/3&#8243;][\/vc_column][vc_column width=&#8220;1\/3&#8243;][\/vc_column][\/vc_row][vc_row css_animation=&#8220;fadeInUp&#8220; css=&#8220;.vc_custom_1663832581505{background-position: center !important;background-repeat: no-repeat !important;background-size: cover !important;}&#8220;][vc_column offset=&#8220;vc_hidden-sm vc_hidden-xs&#8220;][vc_column_text css_animation=&#8220;fadeInUp&#8220;]<\/p>\n<h2 style=\"text-align: center;\">SPONZORI<\/h2>\n<p>[\/vc_column_text][vc_single_image image=&#8220;1198&#8243; img_size=&#8220;full&#8220; alignment=&#8220;center&#8220; onclick=&#8220;custom_link&#8220; img_link_target=&#8220;_blank&#8220; link=&#8220;https:\/\/www.neuman.at\/&#8220; css=&#8220;.vc_custom_1665734989949{padding-top: 33px !important;}&#8220;][vc_single_image image=&#8220;1678&#8243; img_size=&#8220;full&#8220; alignment=&#8220;center&#8220; onclick=&#8220;custom_link&#8220; img_link_target=&#8220;_blank&#8220; link=&#8220;http:\/\/kamenarstvokocian.sk\/&#8220; css=&#8220;.vc_custom_1666600473984{padding-top: 33px !important;}&#8220;][vc_single_image image=&#8220;3074&#8243; img_size=&#8220;full&#8220; alignment=&#8220;center&#8220; onclick=&#8220;custom_link&#8220; img_link_target=&#8220;_blank&#8220; link=&#8220;http:\/\/tekovskakuria.sk\/&#8220;][vc_single_image image=&#8220;1312&#8243; img_size=&#8220;full&#8220; alignment=&#8220;center&#8220; onclick=&#8220;custom_link&#8220; img_link_target=&#8220;_blank&#8220; link=&#8220;https:\/\/homebyknauf.sk\/fasada\/?gclid=Cj0KCQjw-fmZBhDtARIsAH6H8qhJwQ3fAxeUc5Hi2xLSW6sxLYSFCz_L41zlDWyXF8mAR7nDNnhV-l0aAuHqEALw_wcB&#8220;][\/vc_column][\/vc_row][vc_row fullwidth=&#8220;yes&#8220; css=&#8220;.vc_custom_1663577508890{padding-top: 12px !important;}&#8220;][vc_column css_animation=&#8220;fadeIn&#8220; offset=&#8220;vc_hidden-sm vc_hidden-xs&#8220;][vc_separator][\/vc_column][\/vc_row][vc_row css_animation=&#8220;fadeInUp&#8220; img_halfrow=&#8220;yes&#8220; halfrow_image=&#8220;1004&#8243; img_columns=&#8220;4columns&#8220; img_position=&#8220;imgright&#8220; css=&#8220;.vc_custom_1663831493595{background-position: 0 0 !important;background-repeat: no-repeat !important;}&#8220;][vc_column width=&#8220;1\/3&#8243; css=&#8220;.vc_custom_1663578570323{background-image: url(https:\/\/d.r5.wbsprt.com\/pohronskemuzeum.sk\/wp-content\/uploads\/2018\/08\/pic_6.jpg?id=835) !important;background-position: center !important;background-repeat: no-repeat !important;background-size: cover !important;}&#8220;][vc_single_image image=&#8220;1143&#8243; img_size=&#8220;full&#8220; alignment=&#8220;center&#8220;][\/vc_column][vc_column width=&#8220;1\/3&#8243;][vc_single_image image=&#8220;912&#8243; img_size=&#8220;full&#8220; alignment=&#8220;center&#8220;][\/vc_column][vc_column width=&#8220;1\/3&#8243; css=&#8220;.vc_custom_1663578370018{background-image: url(https:\/\/d.r5.wbsprt.com\/pohronskemuzeum.sk\/wp-content\/uploads\/2018\/08\/pic_6.jpg?id=835) !important;}&#8220;][vc_single_image image=&#8220;1319&#8243; img_size=&#8220;large&#8220; alignment=&#8220;center&#8220;][\/vc_column][\/vc_row][vc_row][vc_column][vc_empty_space][\/vc_column][\/vc_row][vc_row css_animation=&#8220;fadeInUp&#8220; el_id=&#8220;otvaraciehodiny&#8220;][vc_column width=&#8220;1\/3&#8243;][vc_column_text]<\/p>\n<h2 class=\"vlavo\">Otv\u00e1racie hodiny<\/h2>\n<p><strong>Letn\u00e1 turistick\u00e1 sez\u00f3na \/j\u00fan \u2013 september\/<br \/>\n<\/strong>Pondelok \u2013 Piatok, Nede\u013ea 10,00 \u2013 18,00 (posledn\u00fd vstup o 17,00)<br \/>\nSobota \u2013 zatvoren\u00e9<\/p>\n<p>Sviatky po\u010das letnej turistickej sez\u00f3ny otvoren\u00e9 10,00 \u2013 18,00 (posledn\u00fd vstup o 17,00)<\/p>\n<p><strong>Zimn\u00e1 turistick\u00e1 sez\u00f3na \/okt\u00f3ber \u2013 m\u00e1j\/<\/strong><br \/>\nPondelok \u2013 Piatok 9,00 \u2013 17,00 (posledn\u00fd vstup o 16,00)<br \/>\nSobota \u2013 zatvoren\u00e9, Nede\u013ea 9,00 \u2013 17,00<\/p>\n<p>Sviatky po\u010das zimnej turistickej sez\u00f3ny Zatvoren\u00e9!<\/p>\n<p>Vopred ohl\u00e1sen\u00e9 n\u00e1v\u0161tevy aj v inom \u010dase.<\/p>\n<h4><strong>Vstupy po\u010das letnej a zimnej turistickej sez\u00f3ny v <span style=\"color: #ff0000;\">NEDE\u013dU <\/span>ka\u017ed\u00fa cel\u00fa hodinu.<\/strong><\/h4>\n<p>[\/vc_column_text][\/vc_column][vc_column width=&#8220;1\/3&#8243;][vc_column_text]<\/p>\n<h2 class=\"vlavo\" style=\"text-align: left;\">Vstupn\u00e9<\/h2>\n<p style=\"text-align: left;\">Dospel\u00e1 osoba od 18 rokov &#8211; 4,00 \u20ac<\/p>\n<p style=\"text-align: left;\">Z\u0164P dospel\u00e1 osoba od 18 rokov &#8211; 2,00 \u20ac<\/p>\n<p style=\"text-align: left;\">\u017diak, \u0161tudent 6 &#8211; 26 rokov &#8211; 2,00 \u20ac<\/p>\n<p style=\"text-align: left;\">Z\u0164P \u017diak, \u0161tudent 6-26 rokov &#8211; 1,00 \u20ac<\/p>\n<p style=\"text-align: left;\">Die\u0165a do 6 rokov v sprievode rodi\u010dov &#8211; ZDARMA<\/p>\n<p style=\"text-align: left;\">Rodinn\u00e9 vstupn\u00e9 \/2 dospel\u00ed + deti\/ &#8211; 10,00 \u20ac<\/p>\n<p style=\"text-align: left;\">Osoba nad 62 rokov &#8211; 2,00 \u20ac<\/p>\n<p style=\"text-align: left;\">Vojnov\u00fd veter\u00e1n &#8211; 2,00 \u20ac<\/p>\n<div style=\"text-align: left;\"><span style=\"color: #ff0000;\">Vyu\u017eit\u00edm slu\u017eieb ZSSK maj\u00fa n\u00e1v\u0161tevn\u00edci benefit vo forme z\u013eavy zo vstupn\u00e9ho<\/span>.<\/div>\n<div style=\"text-align: left;\"><\/div>\n<p><img loading=\"lazy\" class=\"alignnone size-medium wp-image-2762 alignleft\" src=\"http:\/\/pohronskemuzeum.sk\/wp-content\/uploads\/2025\/05\/LOGO-ZSSK_s-ochrannou-zonou-300x209.jpg\" alt=\"\" width=\"300\" height=\"209\" srcset=\"https:\/\/pohronskemuzeum.sk\/wp-content\/uploads\/2025\/05\/LOGO-ZSSK_s-ochrannou-zonou-300x209.jpg 300w, https:\/\/pohronskemuzeum.sk\/wp-content\/uploads\/2025\/05\/LOGO-ZSSK_s-ochrannou-zonou-1024x713.jpg 1024w, https:\/\/pohronskemuzeum.sk\/wp-content\/uploads\/2025\/05\/LOGO-ZSSK_s-ochrannou-zonou-768x534.jpg 768w, https:\/\/pohronskemuzeum.sk\/wp-content\/uploads\/2025\/05\/LOGO-ZSSK_s-ochrannou-zonou-1536x1069.jpg 1536w, https:\/\/pohronskemuzeum.sk\/wp-content\/uploads\/2025\/05\/LOGO-ZSSK_s-ochrannou-zonou-2048x1425.jpg 2048w\" sizes=\"(max-width: 300px) 100vw, 300px\" \/>[\/vc_column_text][\/vc_column][vc_column width=&#8220;1\/3&#8243; css=&#8220;.vc_custom_1663773381463{background-image: url(https:\/\/d.r5.wbsprt.com\/pohronskemuzeum.sk\/wp-content\/uploads\/2022\/09\/bg-27-e1663579748636.jpg?id=966) !important;background-position: center !important;background-repeat: no-repeat !important;background-size: cover !important;}&#8220;][vc_column_text css=&#8220;.vc_custom_1753258331326{padding-bottom: 220px !important;}&#8220;]pre organizovan\u00e9 skupiny \/nad 10 os\u00f4b\/:<br \/>\nDospel\u00ed &#8211; 3,20 \u20ac<br \/>\n\u017diak, \u0161tudent &#8211; 1,60 \u20ac<br \/>\nOsoba nad 62 r. &#8211; 1,60 \u20ac<\/p>\n<p>Dr\u017eitelia \u010dlensk\u00e9ho preukazu INTO 20% z\u013eava z ceny l\u00edstka pre dospel\u00fa osobu<\/p>\n<p>Sprievod Z\u0164P, Dr\u017eite\u013e novin\u00e1rskeho preukazu,<br \/>\nDr\u017eite\u013e kariet ZMS, RGS, ICOM, UNESCO maj\u00fa vstup zdarma[\/vc_column_text][\/vc_column][\/vc_row][vc_row css_animation=&#8220;fadeInUp&#8220; css=&#8220;.vc_custom_1665137360818{background-position: center !important;background-repeat: no-repeat !important;background-size: cover !important;}&#8220;][vc_column offset=&#8220;vc_hidden-lg vc_hidden-md&#8220;][vc_column_text css_animation=&#8220;fadeInUp&#8220;]<\/p>\n<h2 style=\"text-align: center;\">PARTNERI<\/h2>\n<p>[\/vc_column_text][\/vc_column][vc_column width=&#8220;1\/6&#8243; offset=&#8220;vc_hidden-lg vc_hidden-md&#8220;][vc_single_image image=&#8220;879&#8243; alignment=&#8220;center&#8220;][\/vc_column][vc_column width=&#8220;1\/6&#8243; offset=&#8220;vc_hidden-lg vc_hidden-md&#8220;][vc_single_image image=&#8220;878&#8243; alignment=&#8220;center&#8220; onclick=&#8220;custom_link&#8220; link=&#8220;https:\/\/gmmuzeum.sk\/&#8220;][vc_single_image image=&#8220;1914&#8243; alignment=&#8220;center&#8220; onclick=&#8220;custom_link&#8220; link=&#8220;http:\/\/pohronskemuzeum.sk\/wp-content\/uploads\/2023\/03\/Do-Regionalnych-DEJ-OV-obce-Brehy-plagat-2.pdf&#8220;][\/vc_column][vc_column width=&#8220;1\/6&#8243; offset=&#8220;vc_hidden-lg vc_hidden-md&#8220;][vc_single_image image=&#8220;881&#8243; alignment=&#8220;center&#8220;][\/vc_column][vc_column width=&#8220;1\/6&#8243; offset=&#8220;vc_hidden-lg vc_hidden-md&#8220;][vc_single_image image=&#8220;880&#8243; alignment=&#8220;center&#8220; onclick=&#8220;custom_link&#8220; link=&#8220;https:\/\/nmg.sk\/&#8220;][\/vc_column][vc_column width=&#8220;1\/6&#8243; offset=&#8220;vc_hidden-lg vc_hidden-md&#8220;][vc_single_image image=&#8220;882&#8243; alignment=&#8220;center&#8220; onclick=&#8220;custom_link&#8220; link=&#8220;https:\/\/ssmuzeum.sk\/&#8220;][\/vc_column][vc_column width=&#8220;1\/6&#8243; offset=&#8220;vc_hidden-lg vc_hidden-md&#8220;][vc_single_image image=&#8220;1207&#8243; alignment=&#8220;center&#8220; onclick=&#8220;custom_link&#8220; link=&#8220;https:\/\/www.fpu.sk\/sk\/&#8220;][\/vc_column][vc_column offset=&#8220;vc_hidden-lg vc_hidden-md&#8220;][vc_column_text css_animation=&#8220;fadeInUp&#8220;]<\/p>\n<h2 style=\"text-align: center;\">SPONZORI<\/h2>\n<p>[\/vc_column_text][\/vc_column][vc_column offset=&#8220;vc_hidden-lg vc_hidden-md&#8220;][vc_single_image image=&#8220;1198&#8243; img_size=&#8220;full&#8220; alignment=&#8220;center&#8220; onclick=&#8220;custom_link&#8220; link=&#8220;https:\/\/www.neuman.at\/&#8220; css=&#8220;.vc_custom_1665047793601{padding-top: 33px !important;}&#8220;][vc_single_image image=&#8220;1206&#8243; alignment=&#8220;center&#8220; onclick=&#8220;custom_link&#8220; link=&#8220;https:\/\/www.zssk.sk\/&#8220;][vc_single_image image=&#8220;1312&#8243; img_size=&#8220;medium&#8220; alignment=&#8220;center&#8220; onclick=&#8220;custom_link&#8220; link=&#8220;https:\/\/homebyknauf.sk\/fasada\/?gclid=Cj0KCQjw-fmZBhDtARIsAH6H8qhJwQ3fAxeUc5Hi2xLSW6sxLYSFCz_L41zlDWyXF8mAR7nDNnhV-l0aAuHqEALw_wcB&#8220;][\/vc_column][\/vc_row]<\/p>\n","protected":false},"excerpt":{"rendered":"<p>[vc_row fullwidth=&#8220;yes&#8220; css=&#8220;.vc_custom_1665134345128{padding-top: 12px !important;}&#8220; el_class=&#8220;.foto&#8220;][vc_column offset=&#8220;vc_hidden-sm vc_hidden-xs&#8220;][vc_single_image image=&#8220;1542&#8243; img_size=&#8220;FULL&#8220;][vc_row_inner][vc_column_inner][\/vc_column_inner][\/vc_row_inner][vc_column_text] Zv\u00fd\u0161enie kvality poskytovan\u00fdch slu\u017eieb v jedinej vulkanologickej expoz\u00edcii na Slovensku [\/vc_column_text][\/vc_column][\/vc_row][vc_row fullwidth=&#8220;yes&#8220; css=&#8220;.vc_custom_1665135278358{padding-top: 12px !important;}&#8220; el_class=&#8220;.fotomobile&#8220;][vc_column offset=&#8220;vc_hidden-lg vc_hidden-md&#8220;][vc_single_image image=&#8220;1436&#8243; img_size=&#8220;large&#8220;][vc_btn title=&#8220;Otv\u00e1racie hodiny&#8220; size=&#8220;lg&#8220; align=&#8220;center&#8220; css_animation=&#8220;fadeInUp&#8220; link=&#8220;url:%23otvaraciehodiny&#8220;][\/vc_column][\/vc_row][vc_row fullwidth=&#8220;yes&#8220; css=&#8220;.vc_custom_1663577508890{padding-top: 12px !important;}&#8220;][vc_column offset=&#8220;vc_hidden-sm vc_hidden-xs&#8220;][vc_column_text css_animation=&#8220;fadeInUp&#8220;] PARTNERI [\/vc_column_text][\/vc_column][\/vc_row][vc_row css_animation=&#8220;fadeInUp&#8220; css=&#8220;.vc_custom_1663832581505{background-position: center !important;background-repeat: no-repeat !important;background-size: cover !important;}&#8220;][vc_column width=&#8220;1\/3&#8243; offset=&#8220;vc_hidden-sm [&hellip;]<\/p>\n","protected":false},"author":1,"featured_media":0,"parent":0,"menu_order":0,"comment_status":"closed","ping_status":"closed","template":"","meta":[],"_links":{"self":[{"href":"https:\/\/pohronskemuzeum.sk\/index.php?rest_route=\/wp\/v2\/pages\/6"}],"collection":[{"href":"https:\/\/pohronskemuzeum.sk\/index.php?rest_route=\/wp\/v2\/pages"}],"about":[{"href":"https:\/\/pohronskemuzeum.sk\/index.php?rest_route=\/wp\/v2\/types\/page"}],"author":[{"embeddable":true,"href":"https:\/\/pohronskemuzeum.sk\/index.php?rest_route=\/wp\/v2\/users\/1"}],"replies":[{"embeddable":true,"href":"https:\/\/pohronskemuzeum.sk\/index.php?rest_route=%2Fwp%2Fv2%2Fcomments&post=6"}],"version-history":[{"count":7,"href":"https:\/\/pohronskemuzeum.sk\/index.php?rest_route=\/wp\/v2\/pages\/6\/revisions"}],"predecessor-version":[{"id":3105,"href":"https:\/\/pohronskemuzeum.sk\/index.php?rest_route=\/wp\/v2\/pages\/6\/revisions\/3105"}],"wp:attachment":[{"href":"https:\/\/pohronskemuzeum.sk\/index.php?rest_route=%2Fwp%2Fv2%2Fmedia&parent=6"}],"curies":[{"name":"wp","href":"https:\/\/api.w.org\/{rel}","templated":true}]}}